{"id":5309,"date":"2022-03-10T07:08:34","date_gmt":"2022-03-10T07:08:34","guid":{"rendered":"https:\/\/vioser.md\/blog\/"},"modified":"2022-03-10T09:56:13","modified_gmt":"2022-03-10T09:56:13","slug":"blog","status":"publish","type":"page","link":"https:\/\/vioser.md\/en\/blog\/","title":{"rendered":"Blog"},"content":{"rendered":"\t\t<div data-elementor-type=\"wp-page\" data-elementor-id=\"5309\" class=\"elementor elementor-5309 elementor-515\" data-elementor-post-type=\"page\">\n\t\t\t\t\t\t<section class=\"elementor-section elementor-top-section elementor-element elementor-element-4fd85d0 elementor-section-content-middle elementor-section-boxed elementor-section-height-default elementor-section-height-default\" data-id=\"4fd85d0\" data-element_type=\"section\" data-settings=\"{&quot;background_background&quot;:&quot;classic&quot;}\">\n\t\t\t\t\t\t<div class=\"elementor-container elementor-column-gap-default\">\n\t\t\t\t\t<div class=\"elementor-column elementor-col-100 elementor-top-column elementor-element elementor-element-fc60c28\" data-id=\"fc60c28\" data-element_type=\"column\">\n\t\t\t<div class=\"elementor-widget-wrap elementor-element-populated\">\n\t\t\t\t\t\t<div class=\"elementor-element elementor-element-f25d1b7 elementor-widget elementor-widget-heading\" data-id=\"f25d1b7\" data-element_type=\"widget\" data-widget_type=\"heading.default\">\n\t\t\t\t<div class=\"elementor-widget-container\">\n\t\t\t\t\t<h1 class=\"elementor-heading-title elementor-size-default\">Blog<\/h1>\t\t\t\t<\/div>\n\t\t\t\t<\/div>\n\t\t\t\t\t<\/div>\n\t\t<\/div>\n\t\t\t\t\t<\/div>\n\t\t<\/section>\n\t\t\t\t<section class=\"elementor-section elementor-top-section elementor-element elementor-element-68cd3f9 elementor-section-boxed elementor-section-height-default elementor-section-height-default\" data-id=\"68cd3f9\" data-element_type=\"section\" data-settings=\"{&quot;background_background&quot;:&quot;classic&quot;}\">\n\t\t\t\t\t\t<div class=\"elementor-container elementor-column-gap-default\">\n\t\t\t\t\t<div class=\"elementor-column elementor-col-100 elementor-top-column elementor-element elementor-element-ce9f6a5\" data-id=\"ce9f6a5\" data-element_type=\"column\">\n\t\t\t<div class=\"elementor-widget-wrap elementor-element-populated\">\n\t\t\t\t\t\t<div class=\"elementor-element elementor-element-f7adbdf premium-blog-align-left elementor-widget elementor-widget-premium-addon-blog\" data-id=\"f7adbdf\" data-element_type=\"widget\" data-settings=\"{&quot;premium_blog_grid&quot;:&quot;yes&quot;,&quot;premium_blog_layout&quot;:&quot;even&quot;,&quot;premium_blog_columns_number&quot;:&quot;50%&quot;,&quot;premium_blog_columns_number_tablet&quot;:&quot;50%&quot;,&quot;premium_blog_columns_number_mobile&quot;:&quot;100%&quot;,&quot;scroll_to_offset&quot;:&quot;yes&quot;,&quot;filter_flag&quot;:&quot;cat&quot;}\" data-widget_type=\"premium-addon-blog.default\">\n\t\t\t\t<div class=\"elementor-widget-container\">\n\t\t\t\t\t\n\t\t\t\t\t\t\t<div class=\"premium-blog-filter\">\n\t\t\t<ul class=\"premium-blog-filters-container\">\n\t\t\t\t\t\t\t\t\t<li>\n\t\t\t\t\t\t<a href=\"javascript:;\" class=\"category active\" data-filter=\"*\">\n\t\t\t\t\t\t\tAll\t\t\t\t\t\t<\/a>\n\t\t\t\t\t<\/li>\n\t\t\t\t\t\t\t\t\t\t\t\t\t\t<li>\n\t\t\t\t\t\t\t<a href=\"javascript:;\" class=\"category\" data-filter=\"financial-management-for-entrepreneurs\">\n\t\t\t\t\t\t\t\tFinancial management for entrepreneurs\t\t\t\t\t\t\t<\/a>\n\t\t\t\t\t\t<\/li>\n\t\t\t\t\t\t\t\t\t\t<li>\n\t\t\t\t\t\t\t<a href=\"javascript:;\" class=\"category\" data-filter=\"tax-and-accounting-consultancy\">\n\t\t\t\t\t\t\t\tTax and accounting consultancy\t\t\t\t\t\t\t<\/a>\n\t\t\t\t\t\t<\/li>\n\t\t\t\t\t\t\t\t\t\t<li>\n\t\t\t\t\t\t\t<a href=\"javascript:;\" class=\"category\" data-filter=\"tax-coaching-for-entrepreneurs\">\n\t\t\t\t\t\t\t\tTax coaching for entrepreneurs\t\t\t\t\t\t\t<\/a>\n\t\t\t\t\t\t<\/li>\n\t\t\t\t\t\t\t<\/ul>\n\t\t<\/div>\n\t\t\t\t\t\t<div class=\"premium-blog-wrap  premium-blog-even\" data-page=\"5309\">\n\t\t\t\t\t<div class=\"premium-blog-post-outer-container tax-coaching-for-entrepreneurs\" data-total=\"1\">\r\n\t\t\t<div class=\"premium-blog-post-container premium-blog-skin-classic\">\r\n\t\t\t\t\t\t\t\t\t<div class=\"premium-blog-thumb-effect-wrapper\">\r\n\t\t\t\t\t\t<div class=\"premium-blog-thumbnail-container premium-blog-zoomin-effect\">\r\n\t\t\t\t\t\t\t<img fetchpriority=\"high\" decoding=\"async\" width=\"1000\" height=\"667\" src=\"https:\/\/vioser.md\/wp-content\/uploads\/2021\/12\/4.webp\" class=\"attachment-large size-large wp-image-6509\" alt=\"\" srcset=\"https:\/\/vioser.md\/wp-content\/uploads\/2021\/12\/4.webp 1000w, https:\/\/vioser.md\/wp-content\/uploads\/2021\/12\/4-600x400.webp 600w, https:\/\/vioser.md\/wp-content\/uploads\/2021\/12\/4-300x200.webp 300w, https:\/\/vioser.md\/wp-content\/uploads\/2021\/12\/4-768x512.webp 768w\" sizes=\"(max-width: 1000px) 100vw, 1000px\" \/>\t\t\t\t\t\t<\/div>\r\n\t\t\t\t\t\t\t\t\t\t\t\t\t<div class=\"premium-blog-thumbnail-overlay\">\r\n\t\t\t\t\t\t\t\t<a class=\"elementor-icon\" href=\"https:\/\/vioser.md\/en\/why-would-you-need-a-tax-accounting-diagnosis\/\" target=\"_self\" aria-hidden=\"true\"><span>Why would you need a tax-accounting diagnosis?<\/span><\/a>\r\n\t\t\t\t\t\t\t<\/div>\r\n\r\n\t\t\t\t\t\t\t\t\t\t\t\t\t\t\t\t\t\t<\/div>\r\n\t\t\t\t\t\t\t\t\t\t\t\t<div class=\"premium-blog-content-wrapper \">\r\n\r\n\t\t\t\t\t<div class=\"premium-blog-inner-container\">\r\n\r\n\t\t\t\t\t\t\t\t\t\t\t\t\t\t<h2 class=\"premium-blog-entry-title\">\r\n\t\t\t<a href=\"https:\/\/vioser.md\/en\/why-would-you-need-a-tax-accounting-diagnosis\/\" target=\"_self\">\r\n\t\t\t\tWhy would you need a tax-accounting diagnosis?\t\t\t<\/a>\r\n\t\t<\/h2>\r\n\t\t\t\t<div class=\"premium-blog-entry-meta\">\r\n\t\t\t\r\n\t\t\t\r\n\t\t\t\r\n\t\t\t\t\t<\/div>\r\n\t\t\r\n\t\t\t\t\t<\/div>\r\n\r\n\t\t\t\t\t\t\t<div class=\"premium-blog-content-inner-wrapper\">\r\n\t\t<p class=\"premium-blog-post-content\">What does a tax-accounting diagnosis entail? Tax-accounting diagnosis is a specialized mission, a real in-depth analysis of the tax risks and opportunities \u2026<\/p>\t\t<\/div>\r\n\t\t\t\t\t\t\t\r\n\t\t\t\t<\/div>\r\n\t\t\t<\/div>\r\n\t\t<\/div>\r\n\r\n\t\t\t\t<div class=\"premium-blog-post-outer-container tax-coaching-for-entrepreneurs\" data-total=\"1\">\r\n\t\t\t<div class=\"premium-blog-post-container premium-blog-skin-classic\">\r\n\t\t\t\t\t\t\t\t\t<div class=\"premium-blog-thumb-effect-wrapper\">\r\n\t\t\t\t\t\t<div class=\"premium-blog-thumbnail-container premium-blog-zoomin-effect\">\r\n\t\t\t\t\t\t\t<img decoding=\"async\" width=\"1000\" height=\"667\" src=\"https:\/\/vioser.md\/wp-content\/uploads\/2021\/12\/1.webp\" class=\"attachment-large size-large wp-image-6495\" alt=\"\" srcset=\"https:\/\/vioser.md\/wp-content\/uploads\/2021\/12\/1.webp 1000w, https:\/\/vioser.md\/wp-content\/uploads\/2021\/12\/1-600x400.webp 600w, https:\/\/vioser.md\/wp-content\/uploads\/2021\/12\/1-300x200.webp 300w, https:\/\/vioser.md\/wp-content\/uploads\/2021\/12\/1-768x512.webp 768w\" sizes=\"(max-width: 1000px) 100vw, 1000px\" \/>\t\t\t\t\t\t<\/div>\r\n\t\t\t\t\t\t\t\t\t\t\t\t\t<div class=\"premium-blog-thumbnail-overlay\">\r\n\t\t\t\t\t\t\t\t<a class=\"elementor-icon\" href=\"https:\/\/vioser.md\/en\/when-do-i-need-tax-consulting\/\" target=\"_self\" aria-hidden=\"true\"><span>When do I need tax consulting?<\/span><\/a>\r\n\t\t\t\t\t\t\t<\/div>\r\n\r\n\t\t\t\t\t\t\t\t\t\t\t\t\t\t\t\t\t\t<\/div>\r\n\t\t\t\t\t\t\t\t\t\t\t\t<div class=\"premium-blog-content-wrapper \">\r\n\r\n\t\t\t\t\t<div class=\"premium-blog-inner-container\">\r\n\r\n\t\t\t\t\t\t\t\t\t\t\t\t\t\t<h2 class=\"premium-blog-entry-title\">\r\n\t\t\t<a href=\"https:\/\/vioser.md\/en\/when-do-i-need-tax-consulting\/\" target=\"_self\">\r\n\t\t\t\tWhen do I need tax consulting?\t\t\t<\/a>\r\n\t\t<\/h2>\r\n\t\t\t\t<div class=\"premium-blog-entry-meta\">\r\n\t\t\t\r\n\t\t\t\r\n\t\t\t\r\n\t\t\t\t\t<\/div>\r\n\t\t\r\n\t\t\t\t\t<\/div>\r\n\r\n\t\t\t\t\t\t\t<div class=\"premium-blog-content-inner-wrapper\">\r\n\t\t<p class=\"premium-blog-post-content\">Taxation &#8211; How Taxes and Fees Affect Your Business As an entrepreneur you are the one who organizes and carries out an \u2026<\/p>\t\t<\/div>\r\n\t\t\t\t\t\t\t\r\n\t\t\t\t<\/div>\r\n\t\t\t<\/div>\r\n\t\t<\/div>\r\n\r\n\t\t\t\t<div class=\"premium-blog-post-outer-container financial-management-for-entrepreneurs\" data-total=\"1\">\r\n\t\t\t<div class=\"premium-blog-post-container premium-blog-skin-classic\">\r\n\t\t\t\t\t\t\t\t\t<div class=\"premium-blog-thumb-effect-wrapper\">\r\n\t\t\t\t\t\t<div class=\"premium-blog-thumbnail-container premium-blog-zoomin-effect\">\r\n\t\t\t\t\t\t\t<img decoding=\"async\" width=\"1000\" height=\"667\" src=\"https:\/\/vioser.md\/wp-content\/uploads\/2021\/12\/9.webp\" class=\"attachment-large size-large wp-image-6518\" alt=\"\" srcset=\"https:\/\/vioser.md\/wp-content\/uploads\/2021\/12\/9.webp 1000w, https:\/\/vioser.md\/wp-content\/uploads\/2021\/12\/9-600x400.webp 600w, https:\/\/vioser.md\/wp-content\/uploads\/2021\/12\/9-300x200.webp 300w, https:\/\/vioser.md\/wp-content\/uploads\/2021\/12\/9-768x512.webp 768w\" sizes=\"(max-width: 1000px) 100vw, 1000px\" \/>\t\t\t\t\t\t<\/div>\r\n\t\t\t\t\t\t\t\t\t\t\t\t\t<div class=\"premium-blog-thumbnail-overlay\">\r\n\t\t\t\t\t\t\t\t<a class=\"elementor-icon\" href=\"https:\/\/vioser.md\/en\/why-is-it-important-to-know-how-to-read-the-companys-financial-statements\/\" target=\"_self\" aria-hidden=\"true\"><span>Why is it important to know how to read the company&#8217;s Financial Statements?<\/span><\/a>\r\n\t\t\t\t\t\t\t<\/div>\r\n\r\n\t\t\t\t\t\t\t\t\t\t\t\t\t\t\t\t\t\t<\/div>\r\n\t\t\t\t\t\t\t\t\t\t\t\t<div class=\"premium-blog-content-wrapper \">\r\n\r\n\t\t\t\t\t<div class=\"premium-blog-inner-container\">\r\n\r\n\t\t\t\t\t\t\t\t\t\t\t\t\t\t<h2 class=\"premium-blog-entry-title\">\r\n\t\t\t<a href=\"https:\/\/vioser.md\/en\/why-is-it-important-to-know-how-to-read-the-companys-financial-statements\/\" target=\"_self\">\r\n\t\t\t\tWhy is it important to know how to read the company&#8217;s Financial Statements?\t\t\t<\/a>\r\n\t\t<\/h2>\r\n\t\t\t\t<div class=\"premium-blog-entry-meta\">\r\n\t\t\t\r\n\t\t\t\r\n\t\t\t\r\n\t\t\t\t\t<\/div>\r\n\t\t\r\n\t\t\t\t\t<\/div>\r\n\r\n\t\t\t\t\t\t\t<div class=\"premium-blog-content-inner-wrapper\">\r\n\t\t<p class=\"premium-blog-post-content\">Here\u2019s a classic situation: the financial reports indicate profit, yet the reality shows that the cashier and the current accounts are empty. \u2026<\/p>\t\t<\/div>\r\n\t\t\t\t\t\t\t\r\n\t\t\t\t<\/div>\r\n\t\t\t<\/div>\r\n\t\t<\/div>\r\n\r\n\t\t\t\t<div class=\"premium-blog-post-outer-container tax-and-accounting-consultancy\" data-total=\"1\">\r\n\t\t\t<div class=\"premium-blog-post-container premium-blog-skin-classic\">\r\n\t\t\t\t\t\t\t\t\t<div class=\"premium-blog-thumb-effect-wrapper\">\r\n\t\t\t\t\t\t<div class=\"premium-blog-thumbnail-container premium-blog-zoomin-effect\">\r\n\t\t\t\t\t\t\t<img loading=\"lazy\" decoding=\"async\" width=\"1000\" height=\"667\" src=\"https:\/\/vioser.md\/wp-content\/uploads\/2021\/12\/8-1.webp\" class=\"attachment-large size-large wp-image-6541\" alt=\"\" srcset=\"https:\/\/vioser.md\/wp-content\/uploads\/2021\/12\/8-1.webp 1000w, https:\/\/vioser.md\/wp-content\/uploads\/2021\/12\/8-1-600x400.webp 600w, https:\/\/vioser.md\/wp-content\/uploads\/2021\/12\/8-1-300x200.webp 300w, https:\/\/vioser.md\/wp-content\/uploads\/2021\/12\/8-1-768x512.webp 768w\" sizes=\"(max-width: 1000px) 100vw, 1000px\" \/>\t\t\t\t\t\t<\/div>\r\n\t\t\t\t\t\t\t\t\t\t\t\t\t<div class=\"premium-blog-thumbnail-overlay\">\r\n\t\t\t\t\t\t\t\t<a class=\"elementor-icon\" href=\"https:\/\/vioser.md\/en\/how-do-we-make-the-decision-to-invest\/\" target=\"_self\" aria-hidden=\"true\"><span>How do we make the decision to invest?<\/span><\/a>\r\n\t\t\t\t\t\t\t<\/div>\r\n\r\n\t\t\t\t\t\t\t\t\t\t\t\t\t\t\t\t\t\t<\/div>\r\n\t\t\t\t\t\t\t\t\t\t\t\t<div class=\"premium-blog-content-wrapper \">\r\n\r\n\t\t\t\t\t<div class=\"premium-blog-inner-container\">\r\n\r\n\t\t\t\t\t\t\t\t\t\t\t\t\t\t<h2 class=\"premium-blog-entry-title\">\r\n\t\t\t<a href=\"https:\/\/vioser.md\/en\/how-do-we-make-the-decision-to-invest\/\" target=\"_self\">\r\n\t\t\t\tHow do we make the decision to invest?\t\t\t<\/a>\r\n\t\t<\/h2>\r\n\t\t\t\t<div class=\"premium-blog-entry-meta\">\r\n\t\t\t\r\n\t\t\t\r\n\t\t\t\r\n\t\t\t\t\t<\/div>\r\n\t\t\r\n\t\t\t\t\t<\/div>\r\n\r\n\t\t\t\t\t\t\t<div class=\"premium-blog-content-inner-wrapper\">\r\n\t\t<p class=\"premium-blog-post-content\">The role of effective investment in business scaling An investment is an asset entered into the economic circuit today, in order to \u2026<\/p>\t\t<\/div>\r\n\t\t\t\t\t\t\t\r\n\t\t\t\t<\/div>\r\n\t\t\t<\/div>\r\n\t\t<\/div>\r\n\r\n\t\t\t\t<div class=\"premium-blog-post-outer-container tax-coaching-for-entrepreneurs\" data-total=\"1\">\r\n\t\t\t<div class=\"premium-blog-post-container premium-blog-skin-classic\">\r\n\t\t\t\t\t\t\t\t\t<div class=\"premium-blog-thumb-effect-wrapper\">\r\n\t\t\t\t\t\t<div class=\"premium-blog-thumbnail-container premium-blog-zoomin-effect\">\r\n\t\t\t\t\t\t\t<img loading=\"lazy\" decoding=\"async\" width=\"1000\" height=\"667\" src=\"https:\/\/vioser.md\/wp-content\/uploads\/2021\/12\/14.webp\" class=\"attachment-large size-large wp-image-6547\" alt=\"\" srcset=\"https:\/\/vioser.md\/wp-content\/uploads\/2021\/12\/14.webp 1000w, https:\/\/vioser.md\/wp-content\/uploads\/2021\/12\/14-600x400.webp 600w, https:\/\/vioser.md\/wp-content\/uploads\/2021\/12\/14-300x200.webp 300w, https:\/\/vioser.md\/wp-content\/uploads\/2021\/12\/14-768x512.webp 768w\" sizes=\"(max-width: 1000px) 100vw, 1000px\" \/>\t\t\t\t\t\t<\/div>\r\n\t\t\t\t\t\t\t\t\t\t\t\t\t<div class=\"premium-blog-thumbnail-overlay\">\r\n\t\t\t\t\t\t\t\t<a class=\"elementor-icon\" href=\"https:\/\/vioser.md\/en\/how-does-the-tax-system-work-in-the-republic-of-moldova\/\" target=\"_self\" aria-hidden=\"true\"><span>How does the tax system work in the Republic of Moldova?<\/span><\/a>\r\n\t\t\t\t\t\t\t<\/div>\r\n\r\n\t\t\t\t\t\t\t\t\t\t\t\t\t\t\t\t\t\t<\/div>\r\n\t\t\t\t\t\t\t\t\t\t\t\t<div class=\"premium-blog-content-wrapper \">\r\n\r\n\t\t\t\t\t<div class=\"premium-blog-inner-container\">\r\n\r\n\t\t\t\t\t\t\t\t\t\t\t\t\t\t<h2 class=\"premium-blog-entry-title\">\r\n\t\t\t<a href=\"https:\/\/vioser.md\/en\/how-does-the-tax-system-work-in-the-republic-of-moldova\/\" target=\"_self\">\r\n\t\t\t\tHow does the tax system work in the Republic of Moldova?\t\t\t<\/a>\r\n\t\t<\/h2>\r\n\t\t\t\t<div class=\"premium-blog-entry-meta\">\r\n\t\t\t\r\n\t\t\t\r\n\t\t\t\r\n\t\t\t\t\t<\/div>\r\n\t\t\r\n\t\t\t\t\t<\/div>\r\n\r\n\t\t\t\t\t\t\t<div class=\"premium-blog-content-inner-wrapper\">\r\n\t\t<p class=\"premium-blog-post-content\">Description of the fiscal policy in the Republic of Moldova Fiscal policy is a mix of state measures and actions to establish \u2026<\/p>\t\t<\/div>\r\n\t\t\t\t\t\t\t\r\n\t\t\t\t<\/div>\r\n\t\t\t<\/div>\r\n\t\t<\/div>\r\n\r\n\t\t\t\t<\/div>\n\n\t\t\t\t\t\t<\/div>\n\t\t\t\t<\/div>\n\t\t\t\t\t<\/div>\n\t\t<\/div>\n\t\t\t\t\t<\/div>\n\t\t<\/section>\n\t\t\t\t<\/div>\n\t\t","protected":false},"excerpt":{"rendered":"<p>Blog All Coaching fiscal pentru antreprenori Consultan\u021b\u0103 fiscal-contabil\u0103 Managementul financiar pentru antreprenori C\u00e2nd am nevoie de o consultan\u021b\u0103 fiscal\u0103? Fiscalitate &#8211; cum impozitele \u0219i taxele \u00ee\u021bi influen\u021beaz\u0103 afacerea \u00cen calitate de antreprenor e\u0219ti cel care organizezi \u0219i desf\u0103\u0219ori o activitate economic\u0103, \u2026 Pentru ce ai avea nevoie de un diagnostic fiscal-contabil? Ce presupune un diagnostic &#8230; <a title=\"How does the tax system work in the Republic of Moldova?\" class=\"read-more\" href=\"https:\/\/vioser.md\/en\/how-does-the-tax-system-work-in-the-republic-of-moldova\/\" aria-label=\"More on How does the tax system work in the Republic of Moldova?\">Read more<\/a><\/p>\n","protected":false},"author":1,"featured_media":0,"parent":0,"menu_order":0,"comment_status":"closed","ping_status":"closed","template":"elementor_header_footer","meta":{"_monsterinsights_skip_tracking":false,"_monsterinsights_sitenote_active":false,"_monsterinsights_sitenote_note":"","_monsterinsights_sitenote_category":0,"footnotes":""},"class_list":["post-5309","page","type-page","status-publish","hentry"],"yoast_head":"<!-- This site is optimized with the Yoast SEO plugin v24.2 - https:\/\/yoast.com\/wordpress\/plugins\/seo\/ -->\n<title>Blog | Vioser<\/title>\n<meta name=\"robots\" content=\"index, follow, max-snippet:-1, max-image-preview:large, max-video-preview:-1\" \/>\n<link rel=\"canonical\" href=\"https:\/\/vioser.md\/en\/blog\/\" \/>\n<meta property=\"og:locale\" content=\"en_US\" \/>\n<meta property=\"og:type\" content=\"article\" \/>\n<meta property=\"og:title\" content=\"Blog | Vioser\" \/>\n<meta property=\"og:description\" content=\"Blog All Coaching fiscal pentru antreprenori Consultan\u021b\u0103 fiscal-contabil\u0103 Managementul financiar pentru antreprenori C\u00e2nd am nevoie de o consultan\u021b\u0103 fiscal\u0103? Fiscalitate &#8211; cum impozitele \u0219i taxele \u00ee\u021bi influen\u021beaz\u0103 afacerea \u00cen calitate de antreprenor e\u0219ti cel care organizezi \u0219i desf\u0103\u0219ori o activitate economic\u0103, \u2026 Pentru ce ai avea nevoie de un diagnostic fiscal-contabil? Ce presupune un diagnostic ... Read more\" \/>\n<meta property=\"og:url\" content=\"https:\/\/vioser.md\/en\/blog\/\" \/>\n<meta property=\"og:site_name\" content=\"Vioser\" \/>\n<meta property=\"article:modified_time\" content=\"2022-03-10T09:56:13+00:00\" \/>\n<meta property=\"og:image\" content=\"https:\/\/vioser.md\/wp-content\/uploads\/2021\/12\/Cand-am-nevoie-de-o-consultanta-fiscala_.webp\" \/>\n<meta name=\"twitter:card\" content=\"summary_large_image\" \/>\n<meta name=\"twitter:label1\" content=\"Est. reading time\" \/>\n\t<meta name=\"twitter:data1\" content=\"4 minutes\" \/>\n<script type=\"application\/ld+json\" class=\"yoast-schema-graph\">{\"@context\":\"https:\/\/schema.org\",\"@graph\":[{\"@type\":\"WebPage\",\"@id\":\"https:\/\/vioser.md\/en\/blog\/\",\"url\":\"https:\/\/vioser.md\/en\/blog\/\",\"name\":\"Blog | Vioser\",\"isPartOf\":{\"@id\":\"https:\/\/vioser.md\/en\/#website\"},\"primaryImageOfPage\":{\"@id\":\"https:\/\/vioser.md\/en\/blog\/#primaryimage\"},\"image\":{\"@id\":\"https:\/\/vioser.md\/en\/blog\/#primaryimage\"},\"thumbnailUrl\":\"https:\/\/vioser.md\/wp-content\/uploads\/2021\/12\/Cand-am-nevoie-de-o-consultanta-fiscala_.webp\",\"datePublished\":\"2022-03-10T07:08:34+00:00\",\"dateModified\":\"2022-03-10T09:56:13+00:00\",\"inLanguage\":\"en-US\",\"potentialAction\":[{\"@type\":\"ReadAction\",\"target\":[\"https:\/\/vioser.md\/en\/blog\/\"]}]},{\"@type\":\"ImageObject\",\"inLanguage\":\"en-US\",\"@id\":\"https:\/\/vioser.md\/en\/blog\/#primaryimage\",\"url\":\"https:\/\/vioser.md\/wp-content\/uploads\/2021\/12\/Cand-am-nevoie-de-o-consultanta-fiscala_.webp\",\"contentUrl\":\"https:\/\/vioser.md\/wp-content\/uploads\/2021\/12\/Cand-am-nevoie-de-o-consultanta-fiscala_.webp\"},{\"@type\":\"WebSite\",\"@id\":\"https:\/\/vioser.md\/en\/#website\",\"url\":\"https:\/\/vioser.md\/en\/\",\"name\":\"Vioser\",\"description\":\"Consulting\",\"potentialAction\":[{\"@type\":\"SearchAction\",\"target\":{\"@type\":\"EntryPoint\",\"urlTemplate\":\"https:\/\/vioser.md\/en\/?s={search_term_string}\"},\"query-input\":{\"@type\":\"PropertyValueSpecification\",\"valueRequired\":true,\"valueName\":\"search_term_string\"}}],\"inLanguage\":\"en-US\"}]}<\/script>\n<!-- \/ Yoast SEO plugin. -->","yoast_head_json":{"title":"Blog | Vioser","robots":{"index":"index","follow":"follow","max-snippet":"max-snippet:-1","max-image-preview":"max-image-preview:large","max-video-preview":"max-video-preview:-1"},"canonical":"https:\/\/vioser.md\/en\/blog\/","og_locale":"en_US","og_type":"article","og_title":"Blog | Vioser","og_description":"Blog All Coaching fiscal pentru antreprenori Consultan\u021b\u0103 fiscal-contabil\u0103 Managementul financiar pentru antreprenori C\u00e2nd am nevoie de o consultan\u021b\u0103 fiscal\u0103? Fiscalitate &#8211; cum impozitele \u0219i taxele \u00ee\u021bi influen\u021beaz\u0103 afacerea \u00cen calitate de antreprenor e\u0219ti cel care organizezi \u0219i desf\u0103\u0219ori o activitate economic\u0103, \u2026 Pentru ce ai avea nevoie de un diagnostic fiscal-contabil? Ce presupune un diagnostic ... Read more","og_url":"https:\/\/vioser.md\/en\/blog\/","og_site_name":"Vioser","article_modified_time":"2022-03-10T09:56:13+00:00","og_image":[{"url":"https:\/\/vioser.md\/wp-content\/uploads\/2021\/12\/Cand-am-nevoie-de-o-consultanta-fiscala_.webp","type":"","width":"","height":""}],"twitter_card":"summary_large_image","twitter_misc":{"Est. reading time":"4 minutes"},"schema":{"@context":"https:\/\/schema.org","@graph":[{"@type":"WebPage","@id":"https:\/\/vioser.md\/en\/blog\/","url":"https:\/\/vioser.md\/en\/blog\/","name":"Blog | Vioser","isPartOf":{"@id":"https:\/\/vioser.md\/en\/#website"},"primaryImageOfPage":{"@id":"https:\/\/vioser.md\/en\/blog\/#primaryimage"},"image":{"@id":"https:\/\/vioser.md\/en\/blog\/#primaryimage"},"thumbnailUrl":"https:\/\/vioser.md\/wp-content\/uploads\/2021\/12\/Cand-am-nevoie-de-o-consultanta-fiscala_.webp","datePublished":"2022-03-10T07:08:34+00:00","dateModified":"2022-03-10T09:56:13+00:00","inLanguage":"en-US","potentialAction":[{"@type":"ReadAction","target":["https:\/\/vioser.md\/en\/blog\/"]}]},{"@type":"ImageObject","inLanguage":"en-US","@id":"https:\/\/vioser.md\/en\/blog\/#primaryimage","url":"https:\/\/vioser.md\/wp-content\/uploads\/2021\/12\/Cand-am-nevoie-de-o-consultanta-fiscala_.webp","contentUrl":"https:\/\/vioser.md\/wp-content\/uploads\/2021\/12\/Cand-am-nevoie-de-o-consultanta-fiscala_.webp"},{"@type":"WebSite","@id":"https:\/\/vioser.md\/en\/#website","url":"https:\/\/vioser.md\/en\/","name":"Vioser","description":"Consulting","potentialAction":[{"@type":"SearchAction","target":{"@type":"EntryPoint","urlTemplate":"https:\/\/vioser.md\/en\/?s={search_term_string}"},"query-input":{"@type":"PropertyValueSpecification","valueRequired":true,"valueName":"search_term_string"}}],"inLanguage":"en-US"}]}},"_links":{"self":[{"href":"https:\/\/vioser.md\/en\/wp-json\/wp\/v2\/pages\/5309","targetHints":{"allow":["GET"]}}],"collection":[{"href":"https:\/\/vioser.md\/en\/wp-json\/wp\/v2\/pages"}],"about":[{"href":"https:\/\/vioser.md\/en\/wp-json\/wp\/v2\/types\/page"}],"author":[{"embeddable":true,"href":"https:\/\/vioser.md\/en\/wp-json\/wp\/v2\/users\/1"}],"replies":[{"embeddable":true,"href":"https:\/\/vioser.md\/en\/wp-json\/wp\/v2\/comments?post=5309"}],"version-history":[{"count":0,"href":"https:\/\/vioser.md\/en\/wp-json\/wp\/v2\/pages\/5309\/revisions"}],"wp:attachment":[{"href":"https:\/\/vioser.md\/en\/wp-json\/wp\/v2\/media?parent=5309"}],"curies":[{"name":"wp","href":"https:\/\/api.w.org\/{rel}","templated":true}]}}